{"id":2636,"date":"2022-06-20T08:59:12","date_gmt":"2022-06-20T06:59:12","guid":{"rendered":"https:\/\/www.blueark.ch\/?page_id=2636"},"modified":"2025-07-24T16:41:24","modified_gmt":"2025-07-24T14:41:24","slug":"thematische-dossiers","status":"publish","type":"page","link":"https:\/\/blueark.ch\/de\/thematische-dossiers\/","title":{"rendered":"Thematische Dossiers"},"content":{"rendered":"\t\t<div data-elementor-type=\"wp-page\" data-elementor-id=\"2636\" class=\"elementor elementor-2636 elementor-2635\" data-elementor-post-type=\"page\">\n\t\t\t\t\t\t<section class=\"elementor-section elementor-top-section elementor-element elementor-element-db460ee elementor-section-boxed elementor-section-height-default elementor-section-height-default\" data-id=\"db460ee\" data-element_type=\"section\" data-e-type=\"section\" id=\"home\" data-settings=\"{&quot;background_background&quot;:&quot;gradient&quot;,&quot;shape_divider_bottom&quot;:&quot;mountains&quot;}\">\n\t\t\t\t\t\t\t<div class=\"elementor-background-overlay\"><\/div>\n\t\t\t\t\t\t<div class=\"elementor-shape elementor-shape-bottom\" aria-hidden=\"true\" data-negative=\"false\">\n\t\t\t<svg xmlns=\"http:\/\/www.w3.org\/2000\/svg\" viewBox=\"0 0 1000 100\" preserveAspectRatio=\"none\">\n\t<path class=\"elementor-shape-fill\" opacity=\"0.33\" d=\"M473,67.3c-203.9,88.3-263.1-34-320.3,0C66,119.1,0,59.7,0,59.7V0h1000v59.7 c0,0-62.1,26.1-94.9,29.3c-32.8,3.3-62.8-12.3-75.8-22.1C806,49.6,745.3,8.7,694.9,4.7S492.4,59,473,67.3z\"\/>\n\t<path class=\"elementor-shape-fill\" opacity=\"0.66\" d=\"M734,67.3c-45.5,0-77.2-23.2-129.1-39.1c-28.6-8.7-150.3-10.1-254,39.1 s-91.7-34.4-149.2,0C115.7,118.3,0,39.8,0,39.8V0h1000v36.5c0,0-28.2-18.5-92.1-18.5C810.2,18.1,775.7,67.3,734,67.3z\"\/>\n\t<path class=\"elementor-shape-fill\" d=\"M766.1,28.9c-200-57.5-266,65.5-395.1,19.5C242,1.8,242,5.4,184.8,20.6C128,35.8,132.3,44.9,89.9,52.5C28.6,63.7,0,0,0,0 h1000c0,0-9.9,40.9-83.6,48.1S829.6,47,766.1,28.9z\"\/>\n<\/svg>\t\t<\/div>\n\t\t\t\t\t<div class=\"elementor-container elementor-column-gap-no\">\n\t\t\t\t\t<div class=\"elementor-column elementor-col-100 elementor-top-column elementor-element elementor-element-bebc2fd\" data-id=\"bebc2fd\" data-element_type=\"column\" data-e-type=\"column\">\n\t\t\t<div class=\"elementor-widget-wrap\">\n\t\t\t\t\t\t\t<\/div>\n\t\t<\/div>\n\t\t\t\t\t<\/div>\n\t\t<\/section>\n\t\t\t\t<section class=\"elementor-section elementor-top-section elementor-element elementor-element-2a231e2 elementor-section-boxed elementor-section-height-default elementor-section-height-default\" data-id=\"2a231e2\" data-element_type=\"section\" data-e-type=\"section\" data-settings=\"{&quot;background_background&quot;:&quot;gradient&quot;}\">\n\t\t\t\t\t\t\t<div class=\"elementor-background-overlay\"><\/div>\n\t\t\t\t\t\t\t<div class=\"elementor-container elementor-column-gap-no\">\n\t\t\t\t\t<div class=\"elementor-column elementor-col-100 elementor-top-column elementor-element elementor-element-58aeac2\" data-id=\"58aeac2\" data-element_type=\"column\" data-e-type=\"column\">\n\t\t\t<div class=\"elementor-widget-wrap elementor-element-populated\">\n\t\t\t\t\t\t<div class=\"elementor-element elementor-element-df6e1a2 elementor-widget elementor-widget-spacer\" data-id=\"df6e1a2\" data-element_type=\"widget\" data-e-type=\"widget\" data-widget_type=\"spacer.default\">\n\t\t\t\t<div class=\"elementor-widget-container\">\n\t\t\t\t\t\t\t<div class=\"elementor-spacer\">\n\t\t\t<div class=\"elementor-spacer-inner\"><\/div>\n\t\t<\/div>\n\t\t\t\t\t\t<\/div>\n\t\t\t\t<\/div>\n\t\t\t\t<div class=\"elementor-element elementor-element-10475ac elementor-widget elementor-widget-heading\" data-id=\"10475ac\" data-element_type=\"widget\" data-e-type=\"widget\" data-widget_type=\"heading.default\">\n\t\t\t\t<div class=\"elementor-widget-container\">\n\t\t\t\t\t<h2 class=\"elementor-heading-title elementor-size-default\">Thematische Dossiers<\/h2>\t\t\t\t<\/div>\n\t\t\t\t<\/div>\n\t\t\t\t<div class=\"elementor-element elementor-element-98d6dba elementor-widget-divider--view-line elementor-widget elementor-widget-divider\" data-id=\"98d6dba\" data-element_type=\"widget\" data-e-type=\"widget\" data-widget_type=\"divider.default\">\n\t\t\t\t<div class=\"elementor-widget-container\">\n\t\t\t\t\t\t\t<div class=\"elementor-divider\">\n\t\t\t<span class=\"elementor-divider-separator\">\n\t\t\t\t\t\t<\/span>\n\t\t<\/div>\n\t\t\t\t\t\t<\/div>\n\t\t\t\t<\/div>\n\t\t\t\t\t<\/div>\n\t\t<\/div>\n\t\t\t\t\t<\/div>\n\t\t<\/section>\n\t\t\t\t<section class=\"elementor-section elementor-top-section elementor-element elementor-element-c2b2a83 elementor-section-boxed elementor-section-height-default elementor-section-height-default\" data-id=\"c2b2a83\" data-element_type=\"section\" data-e-type=\"section\" id=\"about\" data-settings=\"{&quot;background_background&quot;:&quot;classic&quot;,&quot;shape_divider_top&quot;:&quot;triangle-asymmetrical&quot;}\">\n\t\t\t\t\t\t\t<div class=\"elementor-background-overlay\"><\/div>\n\t\t\t\t\t\t<div class=\"elementor-shape elementor-shape-top\" aria-hidden=\"true\" data-negative=\"false\">\n\t\t\t<svg xmlns=\"http:\/\/www.w3.org\/2000\/svg\" viewBox=\"0 0 1000 100\" preserveAspectRatio=\"none\">\n\t<path class=\"elementor-shape-fill\" d=\"M738,99l262-93V0H0v5.6L738,99z\"\/>\n<\/svg>\t\t<\/div>\n\t\t\t\t\t<div class=\"elementor-container elementor-column-gap-no\">\n\t\t\t\t\t<div class=\"elementor-column elementor-col-100 elementor-top-column elementor-element elementor-element-3a7eeac\" data-id=\"3a7eeac\" data-element_type=\"column\" data-e-type=\"column\" data-settings=\"{&quot;background_background&quot;:&quot;classic&quot;}\">\n\t\t\t<div class=\"elementor-widget-wrap elementor-element-populated\">\n\t\t\t\t\t\t<div class=\"elementor-element elementor-element-936b7c6 elementor-widget elementor-widget-shortcode\" data-id=\"936b7c6\" data-element_type=\"widget\" data-e-type=\"widget\" data-widget_type=\"shortcode.default\">\n\t\t\t\t<div class=\"elementor-widget-container\">\n\t\t\t\t\t\t\t<div class=\"elementor-shortcode\">\r\n<div class=\"wppap-main-wrapper wppap-filter-wrap wppap-clearfix \" data-conf='{&quot;main_grid&quot;:3}'>\r\n\t<ul class=\"wppap-filter wppap-filter-inr-wrap wppap-clearfix\" id=\"wppap-filter-1\">\r\n\t\t\t\t<li class=\"wppap-filtr-cat wppap-active-filtr\" data-filter=\".wppap-portfolio-wrp\"><a href=\"javascript:void(0);\">Tous<\/a><\/li>\r\n\t\t\t\t<li class=\"wppap-filtr-cat \" data-filter=\".wppap-cat-96\"><a href=\"javascript:void(0);\">Bew\u00e4sserung<\/a><\/li>\r\n\t\t\t\t<li class=\"wppap-filtr-cat \" data-filter=\".wppap-cat-93\"><a href=\"javascript:void(0);\">Interview<\/a><\/li>\r\n\t\t\t\t<li class=\"wppap-filtr-cat \" data-filter=\".wppap-cat-100\"><a href=\"javascript:void(0);\">Mikroverunreinigungen<\/a><\/li>\r\n\t\t\t\t<li class=\"wppap-filtr-cat \" data-filter=\".wppap-cat-92\"><a href=\"javascript:void(0);\">Vorhersage von Wasserzufl\u00fcssen<\/a><\/li>\r\n\t\t\t<\/ul>\r\n\t<ul id=\"wppap-thumbs-1\" class=\"wppap-thumbs wppap-portfolio-filter wppap-design-14 wppap-clearfix wp-pap-image-fit\">\r\n<li class=\"wppap-portfolio-wrp thum-list wppap-portfolio-active wppap-columns wppap-medium-4 wppap-cat-96 wppap-first wppap-post-5133\" style=\"\">\r\n\t<div class=\"wppap-li-inner-wrap\">\r\n\t\t<div class=\"wppap-portfolio-bg\">\r\n\t\t\t\t\t\t\t<img decoding=\"async\" class=\"wppap-portfolio-img\" src=\"https:\/\/blueark.ch\/wp-content\/uploads\/2023\/03\/salquenen.jpg\" alt=\"Salgesch antizipiert die Wasserknappheit f\u00fcr die Bew\u00e4sserung seiner Weinberge\" \/>\r\n\t\t\t\t\t<\/div>\r\n\t\t<div class=\"wppap-title-overlay\">\r\n\t\t\t<div class=\"wppap-title-overlay-wrp\">\r\n\t\t\t\t\t\t\t\t\t<span class=\"wppap-description\">Salgesch antizipiert die Wasserknappheit f\u00fcr die Bew\u00e4sserung seiner Weinberge<\/span>\r\n\t\t\t\t\t\t\t\t\t<div class=\"wppap-cats\"><span class=\"wppap-portfolio-cat wppap-cat-96\">Bew\u00e4sserung<\/span><\/div>\r\n\t\t\t\t\t\t\t\t<div class=\"wppap-external-link-popup\">\r\n\t\t\t\t\t\t\t\t\t<\/div>\r\n\t\t\t<\/div>\r\n\t\t\t<a href=\"\" class=\"wppap-thumbnail wppap-popup-info-link\" data-mfp-src=\"#wppap-popup-1-1\" target=\"_self\"><\/a>\r\n\t\t<\/div>\r\n\t<\/div>\r\n<\/li>\r\n<li class=\"wppap-portfolio-wrp thum-list wppap-portfolio-active wppap-columns wppap-medium-4 wppap-cat-96 wppap-post-5117\" style=\"\">\r\n\t<div class=\"wppap-li-inner-wrap\">\r\n\t\t<div class=\"wppap-portfolio-bg\">\r\n\t\t\t\t\t\t\t<img decoding=\"async\" class=\"wppap-portfolio-img\" src=\"https:\/\/blueark.ch\/wp-content\/uploads\/2023\/03\/CCD-SA-portrait-crop.jpg\" alt=\"Bew\u00e4sserung: Das Walliser KMU CCD produziert Referenzanlagen in der Westschweiz!\" \/>\r\n\t\t\t\t\t<\/div>\r\n\t\t<div class=\"wppap-title-overlay\">\r\n\t\t\t<div class=\"wppap-title-overlay-wrp\">\r\n\t\t\t\t\t\t\t\t\t<span class=\"wppap-description\">Bew\u00e4sserung: Das Walliser KMU CCD produziert Referenzanlagen in der Westschweiz!<\/span>\r\n\t\t\t\t\t\t\t\t\t<div class=\"wppap-cats\"><span class=\"wppap-portfolio-cat wppap-cat-96\">Bew\u00e4sserung<\/span><\/div>\r\n\t\t\t\t\t\t\t\t<div class=\"wppap-external-link-popup\">\r\n\t\t\t\t\t\t\t\t\t<\/div>\r\n\t\t\t<\/div>\r\n\t\t\t<a href=\"\" class=\"wppap-thumbnail wppap-popup-info-link\" data-mfp-src=\"#wppap-popup-1-2\" target=\"_self\"><\/a>\r\n\t\t<\/div>\r\n\t<\/div>\r\n<\/li>\r\n<li class=\"wppap-portfolio-wrp thum-list wppap-portfolio-active wppap-columns wppap-medium-4 wppap-cat-96 wppap-post-5107\" style=\"\">\r\n\t<div class=\"wppap-li-inner-wrap\">\r\n\t\t<div class=\"wppap-portfolio-bg\">\r\n\t\t\t\t\t\t\t<img decoding=\"async\" class=\"wppap-portfolio-img\" src=\"https:\/\/blueark.ch\/wp-content\/uploads\/2023\/03\/irrigation.png\" alt=\"Bew\u00e4sserung &#8211; eine entscheidende Herausforderung f\u00fcr die Landwirtschaft, aber auch f\u00fcr das Wassermanagement!\" \/>\r\n\t\t\t\t\t<\/div>\r\n\t\t<div class=\"wppap-title-overlay\">\r\n\t\t\t<div class=\"wppap-title-overlay-wrp\">\r\n\t\t\t\t\t\t\t\t\t<span class=\"wppap-description\">Bew\u00e4sserung &#8211; eine entscheidende Herausforderung f\u00fcr die Landwirtschaft, aber auch f\u00fcr das Wassermanagement!<\/span>\r\n\t\t\t\t\t\t\t\t\t<div class=\"wppap-cats\"><span class=\"wppap-portfolio-cat wppap-cat-96\">Bew\u00e4sserung<\/span><\/div>\r\n\t\t\t\t\t\t\t\t<div class=\"wppap-external-link-popup\">\r\n\t\t\t\t\t\t\t\t\t<\/div>\r\n\t\t\t<\/div>\r\n\t\t\t<a href=\"\" class=\"wppap-thumbnail wppap-popup-info-link\" data-mfp-src=\"#wppap-popup-1-3\" target=\"_self\"><\/a>\r\n\t\t<\/div>\r\n\t<\/div>\r\n<\/li>\r\n<li class=\"wppap-portfolio-wrp thum-list wppap-portfolio-active wppap-columns wppap-medium-4 wppap-cat-92 wppap-first wppap-post-4441\" style=\"\">\r\n\t<div class=\"wppap-li-inner-wrap\">\r\n\t\t<div class=\"wppap-portfolio-bg\">\r\n\t\t\t\t\t\t\t<img decoding=\"async\" class=\"wppap-portfolio-img\" src=\"https:\/\/blueark.ch\/wp-content\/uploads\/2022\/11\/CREALP.jpg\" alt=\"CREALP: Walliser Projekte zur Verbesserung der Vorhersage von Wasserzufl\u00fcssen\" \/>\r\n\t\t\t\t\t<\/div>\r\n\t\t<div class=\"wppap-title-overlay\">\r\n\t\t\t<div class=\"wppap-title-overlay-wrp\">\r\n\t\t\t\t\t\t\t\t\t<span class=\"wppap-description\">CREALP: Walliser Projekte zur Verbesserung der Vorhersage von Wasserzufl\u00fcssen<\/span>\r\n\t\t\t\t\t\t\t\t\t<div class=\"wppap-cats\"><span class=\"wppap-portfolio-cat wppap-cat-92\">Vorhersage von Wasserzufl\u00fcssen<\/span><\/div>\r\n\t\t\t\t\t\t\t\t<div class=\"wppap-external-link-popup\">\r\n\t\t\t\t\t\t\t\t\t<\/div>\r\n\t\t\t<\/div>\r\n\t\t\t<a href=\"\" class=\"wppap-thumbnail wppap-popup-info-link\" data-mfp-src=\"#wppap-popup-1-4\" target=\"_self\"><\/a>\r\n\t\t<\/div>\r\n\t<\/div>\r\n<\/li>\r\n<li class=\"wppap-portfolio-wrp thum-list wppap-portfolio-active wppap-columns wppap-medium-4 wppap-cat-93 wppap-cat-92 wppap-post-4530\" style=\"\">\r\n\t<div class=\"wppap-li-inner-wrap\">\r\n\t\t<div class=\"wppap-portfolio-bg\">\r\n\t\t\t\t\t\t\t<img decoding=\"async\" class=\"wppap-portfolio-img\" src=\"https:\/\/blueark.ch\/wp-content\/uploads\/2022\/10\/Emilie-Neveu.jpg\" alt=\"Sehr kurzfristige Vorhersagen des Wasserzuflusses, um die Planung der Wasserkraftproduktion zu verbessern!\" \/>\r\n\t\t\t\t\t<\/div>\r\n\t\t<div class=\"wppap-title-overlay\">\r\n\t\t\t<div class=\"wppap-title-overlay-wrp\">\r\n\t\t\t\t\t\t\t\t\t<span class=\"wppap-description\">Sehr kurzfristige Vorhersagen des Wasserzuflusses, um die Planung der Wasserkraftproduktion zu verbessern!<\/span>\r\n\t\t\t\t\t\t\t\t\t<div class=\"wppap-cats\"><span class=\"wppap-portfolio-cat wppap-cat-93\">Interview<\/span>, <span class=\"wppap-portfolio-cat wppap-cat-92\">Vorhersage von Wasserzufl\u00fcssen<\/span><\/div>\r\n\t\t\t\t\t\t\t\t<div class=\"wppap-external-link-popup\">\r\n\t\t\t\t\t\t\t\t\t<\/div>\r\n\t\t\t<\/div>\r\n\t\t\t<a href=\"\" class=\"wppap-thumbnail wppap-popup-info-link\" data-mfp-src=\"#wppap-popup-1-5\" target=\"_self\"><\/a>\r\n\t\t<\/div>\r\n\t<\/div>\r\n<\/li>\r\n<li class=\"wppap-portfolio-wrp thum-list wppap-portfolio-active wppap-columns wppap-medium-4 wppap-cat-92 wppap-post-4533\" style=\"\">\r\n\t<div class=\"wppap-li-inner-wrap\">\r\n\t\t<div class=\"wppap-portfolio-bg\">\r\n\t\t\t\t\t\t\t<img decoding=\"async\" class=\"wppap-portfolio-img\" src=\"https:\/\/blueark.ch\/wp-content\/uploads\/2022\/10\/BAC-1.png\" alt=\"Der Nutzen von Wassereintragsvorhersagen f\u00fcr Wasserkraftwerke\" \/>\r\n\t\t\t\t\t<\/div>\r\n\t\t<div class=\"wppap-title-overlay\">\r\n\t\t\t<div class=\"wppap-title-overlay-wrp\">\r\n\t\t\t\t\t\t\t\t\t<span class=\"wppap-description\">Der Nutzen von Wassereintragsvorhersagen f\u00fcr Wasserkraftwerke<\/span>\r\n\t\t\t\t\t\t\t\t\t<div class=\"wppap-cats\"><span class=\"wppap-portfolio-cat wppap-cat-92\">Vorhersage von Wasserzufl\u00fcssen<\/span><\/div>\r\n\t\t\t\t\t\t\t\t<div class=\"wppap-external-link-popup\">\r\n\t\t\t\t\t\t\t\t\t<\/div>\r\n\t\t\t<\/div>\r\n\t\t\t<a href=\"\" class=\"wppap-thumbnail wppap-popup-info-link\" data-mfp-src=\"#wppap-popup-1-6\" target=\"_self\"><\/a>\r\n\t\t<\/div>\r\n\t<\/div>\r\n<\/li>\r\n<li class=\"wppap-portfolio-wrp thum-list wppap-portfolio-active wppap-columns wppap-medium-4 wppap-cat-93 wppap-cat-100 wppap-first wppap-post-7587\" style=\"\">\r\n\t<div class=\"wppap-li-inner-wrap\">\r\n\t\t<div class=\"wppap-portfolio-bg\">\r\n\t\t\t\t\t\t\t<img decoding=\"async\" class=\"wppap-portfolio-img\" src=\"https:\/\/blueark.ch\/wp-content\/uploads\/2022\/06\/previwe-membratec.png\" alt=\"Membratec stellt Verfahren zur Bek\u00e4mpfung von Mikroverunreinigungen vor!\" \/>\r\n\t\t\t\t\t<\/div>\r\n\t\t<div class=\"wppap-title-overlay\">\r\n\t\t\t<div class=\"wppap-title-overlay-wrp\">\r\n\t\t\t\t\t\t\t\t\t<span class=\"wppap-description\">Membratec stellt Verfahren zur Bek\u00e4mpfung von Mikroverunreinigungen vor!<\/span>\r\n\t\t\t\t\t\t\t\t\t<div class=\"wppap-cats\"><span class=\"wppap-portfolio-cat wppap-cat-93\">Interview<\/span>, <span class=\"wppap-portfolio-cat wppap-cat-100\">Mikroverunreinigungen<\/span><\/div>\r\n\t\t\t\t\t\t\t\t<div class=\"wppap-external-link-popup\">\r\n\t\t\t\t\t\t\t\t\t<\/div>\r\n\t\t\t<\/div>\r\n\t\t\t<a href=\"\" class=\"wppap-thumbnail wppap-popup-info-link\" data-mfp-src=\"#wppap-popup-1-7\" target=\"_self\"><\/a>\r\n\t\t<\/div>\r\n\t<\/div>\r\n<\/li>\r\n<li class=\"wppap-portfolio-wrp thum-list wppap-portfolio-active wppap-columns wppap-medium-4 wppap-cat-100 wppap-post-7583\" style=\"\">\r\n\t<div class=\"wppap-li-inner-wrap\">\r\n\t\t<div class=\"wppap-portfolio-bg\">\r\n\t\t\t\t\t\t\t<img decoding=\"async\" class=\"wppap-portfolio-img\" src=\"https:\/\/blueark.ch\/wp-content\/uploads\/2022\/06\/genolet-leubin.jpg\" alt=\"Mikroverunreinigungen: Welche Strategien und Perspektiven f\u00fcr das Wallis?\" \/>\r\n\t\t\t\t\t<\/div>\r\n\t\t<div class=\"wppap-title-overlay\">\r\n\t\t\t<div class=\"wppap-title-overlay-wrp\">\r\n\t\t\t\t\t\t\t\t\t<span class=\"wppap-description\">Mikroverunreinigungen: Welche Strategien und Perspektiven f\u00fcr das Wallis?<\/span>\r\n\t\t\t\t\t\t\t\t\t<div class=\"wppap-cats\"><span class=\"wppap-portfolio-cat wppap-cat-100\">Mikroverunreinigungen<\/span><\/div>\r\n\t\t\t\t\t\t\t\t<div class=\"wppap-external-link-popup\">\r\n\t\t\t\t\t\t\t\t\t<\/div>\r\n\t\t\t<\/div>\r\n\t\t\t<a href=\"\" class=\"wppap-thumbnail wppap-popup-info-link\" data-mfp-src=\"#wppap-popup-1-8\" target=\"_self\"><\/a>\r\n\t\t<\/div>\r\n\t<\/div>\r\n<\/li>\r\n<li class=\"wppap-portfolio-wrp thum-list wppap-portfolio-active wppap-columns wppap-medium-4 wppap-cat-100 wppap-post-7585\" style=\"\">\r\n\t<div class=\"wppap-li-inner-wrap\">\r\n\t\t<div class=\"wppap-portfolio-bg\">\r\n\t\t\t\t\t\t\t<img decoding=\"async\" class=\"wppap-portfolio-img\" src=\"https:\/\/blueark.ch\/wp-content\/uploads\/2022\/06\/Micropolluants.png\" alt=\"Innovative Verfahren zur Bek\u00e4mpfung von Mikroverunreinigungen\" \/>\r\n\t\t\t\t\t<\/div>\r\n\t\t<div class=\"wppap-title-overlay\">\r\n\t\t\t<div class=\"wppap-title-overlay-wrp\">\r\n\t\t\t\t\t\t\t\t\t<span class=\"wppap-description\">Innovative Verfahren zur Bek\u00e4mpfung von Mikroverunreinigungen<\/span>\r\n\t\t\t\t\t\t\t\t\t<div class=\"wppap-cats\"><span class=\"wppap-portfolio-cat wppap-cat-100\">Mikroverunreinigungen<\/span><\/div>\r\n\t\t\t\t\t\t\t\t<div class=\"wppap-external-link-popup\">\r\n\t\t\t\t\t\t\t\t\t<\/div>\r\n\t\t\t<\/div>\r\n\t\t\t<a href=\"\" class=\"wppap-thumbnail wppap-popup-info-link\" data-mfp-src=\"#wppap-popup-1-9\" target=\"_self\"><\/a>\r\n\t\t<\/div>\r\n\t<\/div>\r\n<\/li> \r\n\r\n\t<\/ul>\r\n<\/div><\/div>\n\t\t\t\t\t\t<\/div>\n\t\t\t\t<\/div>\n\t\t\t\t\t<\/div>\n\t\t<\/div>\n\t\t\t\t\t<\/div>\n\t\t<\/section>\n\t\t\t\t<\/div>\n\t\t","protected":false},"excerpt":{"rendered":"<p>Thematische Dossiers<\/p>\n","protected":false},"author":1,"featured_media":0,"parent":0,"menu_order":0,"comment_status":"closed","ping_status":"closed","template":"","meta":{"site-sidebar-layout":"no-sidebar","site-content-layout":"page-builder","ast-site-content-layout":"default","site-content-style":"default","site-sidebar-style":"default","ast-global-header-display":"","ast-banner-title-visibility":"","ast-main-header-display":"","ast-hfb-above-header-display":"","ast-hfb-below-header-display":"","ast-hfb-mobile-header-display":"","site-post-title":"disabled","ast-breadcrumbs-content":"disabled","ast-featured-img":"disabled","footer-sml-layout":"","ast-disable-related-posts":"","theme-transparent-header-meta":"enabled","adv-header-id-meta":"","stick-header-meta":"default","header-above-stick-meta":"","header-main-stick-meta":"","header-below-stick-meta":"","astra-migrate-meta-layouts":"default","ast-page-background-enabled":"default","ast-page-background-meta":{"desktop":{"background-color":"","background-image":"","background-repeat":"repeat","background-position":"center center","background-size":"auto","background-attachment":"scroll","background-type":"","background-media":"","overlay-type":"","overlay-color":"","overlay-opacity":"","overlay-gradient":""},"tablet":{"background-color":"","background-image":"","background-repeat":"repeat","background-position":"center center","background-size":"auto","background-attachment":"scroll","background-type":"","background-media":"","overlay-type":"","overlay-color":"","overlay-opacity":"","overlay-gradient":""},"mobile":{"background-color":"","background-image":"","background-repeat":"repeat","background-position":"center center","background-size":"auto","background-attachment":"scroll","background-type":"","background-media":"","overlay-type":"","overlay-color":"","overlay-opacity":"","overlay-gradient":""}},"ast-content-background-meta":{"desktop":{"background-color":"var(--ast-global-color-5)","background-image":"","background-repeat":"repeat","background-position":"center center","background-size":"auto","background-attachment":"scroll","background-type":"","background-media":"","overlay-type":"","overlay-color":"","overlay-opacity":"","overlay-gradient":""},"tablet":{"background-color":"var(--ast-global-color-5)","background-image":"","background-repeat":"repeat","background-position":"center center","background-size":"auto","background-attachment":"scroll","background-type":"","background-media":"","overlay-type":"","overlay-color":"","overlay-opacity":"","overlay-gradient":""},"mobile":{"background-color":"var(--ast-global-color-5)","background-image":"","background-repeat":"repeat","background-position":"center center","background-size":"auto","background-attachment":"scroll","background-type":"","background-media":"","overlay-type":"","overlay-color":"","overlay-opacity":"","overlay-gradient":""}},"footnotes":""},"class_list":["post-2636","page","type-page","status-publish","hentry"],"yoast_head":"<!-- This site is optimized with the Yoast SEO Premium plugin v27.1 (Yoast SEO v27.1.1) - https:\/\/yoast.com\/product\/yoast-seo-premium-wordpress\/ -->\n<title>Thematische Dossiers - P\u00f4le d&#039;innovation BlueArk Entremont<\/title>\n<meta name=\"robots\" content=\"index, follow, max-snippet:-1, max-image-preview:large, max-video-preview:-1\" \/>\n<link rel=\"canonical\" href=\"https:\/\/blueark.ch\/de\/thematische-dossiers\/\" \/>\n<meta property=\"og:locale\" content=\"de_DE\" \/>\n<meta property=\"og:type\" content=\"article\" \/>\n<meta property=\"og:title\" content=\"Thematische Dossiers\" \/>\n<meta property=\"og:description\" content=\"Thematische Dossiers\" \/>\n<meta property=\"og:url\" content=\"https:\/\/blueark.ch\/de\/thematische-dossiers\/\" \/>\n<meta property=\"og:site_name\" content=\"P\u00f4le d&#039;innovation BlueArk Entremont\" \/>\n<meta property=\"article:modified_time\" content=\"2025-07-24T14:41:24+00:00\" \/>\n<meta name=\"twitter:card\" content=\"summary_large_image\" \/>\n<meta name=\"twitter:label1\" content=\"Gesch\u00e4tzte Lesezeit\" \/>\n\t<meta name=\"twitter:data1\" content=\"1\u00a0Minute\" \/>\n<script type=\"application\/ld+json\" class=\"yoast-schema-graph\">{\"@context\":\"https:\/\/schema.org\",\"@graph\":[{\"@type\":\"WebPage\",\"@id\":\"https:\/\/blueark.ch\/de\/thematische-dossiers\/\",\"url\":\"https:\/\/blueark.ch\/de\/thematische-dossiers\/\",\"name\":\"Thematische Dossiers - P\u00f4le d&#039;innovation BlueArk Entremont\",\"isPartOf\":{\"@id\":\"https:\/\/blueark.ch\/de\/#website\"},\"datePublished\":\"2022-06-20T06:59:12+00:00\",\"dateModified\":\"2025-07-24T14:41:24+00:00\",\"breadcrumb\":{\"@id\":\"https:\/\/blueark.ch\/de\/thematische-dossiers\/#breadcrumb\"},\"inLanguage\":\"de\",\"potentialAction\":[{\"@type\":\"ReadAction\",\"target\":[\"https:\/\/blueark.ch\/de\/thematische-dossiers\/\"]}]},{\"@type\":\"BreadcrumbList\",\"@id\":\"https:\/\/blueark.ch\/de\/thematische-dossiers\/#breadcrumb\",\"itemListElement\":[{\"@type\":\"ListItem\",\"position\":1,\"name\":\"Accueil\",\"item\":\"https:\/\/blueark.ch\/de\/\"},{\"@type\":\"ListItem\",\"position\":2,\"name\":\"Thematische Dossiers\"}]},{\"@type\":\"WebSite\",\"@id\":\"https:\/\/blueark.ch\/de\/#website\",\"url\":\"https:\/\/blueark.ch\/de\/\",\"name\":\"P\u00f4le d&#039;innovation BlueArk Entremont\",\"description\":\"\",\"publisher\":{\"@id\":\"https:\/\/blueark.ch\/de\/#organization\"},\"potentialAction\":[{\"@type\":\"SearchAction\",\"target\":{\"@type\":\"EntryPoint\",\"urlTemplate\":\"https:\/\/blueark.ch\/de\/?s={search_term_string}\"},\"query-input\":{\"@type\":\"PropertyValueSpecification\",\"valueRequired\":true,\"valueName\":\"search_term_string\"}}],\"inLanguage\":\"de\"},{\"@type\":\"Organization\",\"@id\":\"https:\/\/blueark.ch\/de\/#organization\",\"name\":\"BlueArk Entremont\",\"url\":\"https:\/\/blueark.ch\/de\/\",\"logo\":{\"@type\":\"ImageObject\",\"inLanguage\":\"de\",\"@id\":\"https:\/\/blueark.ch\/de\/#\/schema\/logo\/image\/\",\"url\":\"https:\/\/www.blueark.ch\/wp-content\/uploads\/2021\/11\/BlueArk_Pole-Innovation-Entremont_FR_original.png\",\"contentUrl\":\"https:\/\/www.blueark.ch\/wp-content\/uploads\/2021\/11\/BlueArk_Pole-Innovation-Entremont_FR_original.png\",\"width\":350,\"height\":100,\"caption\":\"BlueArk Entremont\"},\"image\":{\"@id\":\"https:\/\/blueark.ch\/de\/#\/schema\/logo\/image\/\"},\"sameAs\":[\"https:\/\/www.linkedin.com\/company\/77008130\"]}]}<\/script>\n<!-- \/ Yoast SEO Premium plugin. -->","yoast_head_json":{"title":"Thematische Dossiers - P\u00f4le d&#039;innovation BlueArk Entremont","robots":{"index":"index","follow":"follow","max-snippet":"max-snippet:-1","max-image-preview":"max-image-preview:large","max-video-preview":"max-video-preview:-1"},"canonical":"https:\/\/blueark.ch\/de\/thematische-dossiers\/","og_locale":"de_DE","og_type":"article","og_title":"Thematische Dossiers","og_description":"Thematische Dossiers","og_url":"https:\/\/blueark.ch\/de\/thematische-dossiers\/","og_site_name":"P\u00f4le d&#039;innovation BlueArk Entremont","article_modified_time":"2025-07-24T14:41:24+00:00","twitter_card":"summary_large_image","twitter_misc":{"Gesch\u00e4tzte Lesezeit":"1\u00a0Minute"},"schema":{"@context":"https:\/\/schema.org","@graph":[{"@type":"WebPage","@id":"https:\/\/blueark.ch\/de\/thematische-dossiers\/","url":"https:\/\/blueark.ch\/de\/thematische-dossiers\/","name":"Thematische Dossiers - P\u00f4le d&#039;innovation BlueArk Entremont","isPartOf":{"@id":"https:\/\/blueark.ch\/de\/#website"},"datePublished":"2022-06-20T06:59:12+00:00","dateModified":"2025-07-24T14:41:24+00:00","breadcrumb":{"@id":"https:\/\/blueark.ch\/de\/thematische-dossiers\/#breadcrumb"},"inLanguage":"de","potentialAction":[{"@type":"ReadAction","target":["https:\/\/blueark.ch\/de\/thematische-dossiers\/"]}]},{"@type":"BreadcrumbList","@id":"https:\/\/blueark.ch\/de\/thematische-dossiers\/#breadcrumb","itemListElement":[{"@type":"ListItem","position":1,"name":"Accueil","item":"https:\/\/blueark.ch\/de\/"},{"@type":"ListItem","position":2,"name":"Thematische Dossiers"}]},{"@type":"WebSite","@id":"https:\/\/blueark.ch\/de\/#website","url":"https:\/\/blueark.ch\/de\/","name":"P\u00f4le d&#039;innovation BlueArk Entremont","description":"","publisher":{"@id":"https:\/\/blueark.ch\/de\/#organization"},"potentialAction":[{"@type":"SearchAction","target":{"@type":"EntryPoint","urlTemplate":"https:\/\/blueark.ch\/de\/?s={search_term_string}"},"query-input":{"@type":"PropertyValueSpecification","valueRequired":true,"valueName":"search_term_string"}}],"inLanguage":"de"},{"@type":"Organization","@id":"https:\/\/blueark.ch\/de\/#organization","name":"BlueArk Entremont","url":"https:\/\/blueark.ch\/de\/","logo":{"@type":"ImageObject","inLanguage":"de","@id":"https:\/\/blueark.ch\/de\/#\/schema\/logo\/image\/","url":"https:\/\/www.blueark.ch\/wp-content\/uploads\/2021\/11\/BlueArk_Pole-Innovation-Entremont_FR_original.png","contentUrl":"https:\/\/www.blueark.ch\/wp-content\/uploads\/2021\/11\/BlueArk_Pole-Innovation-Entremont_FR_original.png","width":350,"height":100,"caption":"BlueArk Entremont"},"image":{"@id":"https:\/\/blueark.ch\/de\/#\/schema\/logo\/image\/"},"sameAs":["https:\/\/www.linkedin.com\/company\/77008130"]}]}},"_links":{"self":[{"href":"https:\/\/blueark.ch\/de\/wp-json\/wp\/v2\/pages\/2636","targetHints":{"allow":["GET"]}}],"collection":[{"href":"https:\/\/blueark.ch\/de\/wp-json\/wp\/v2\/pages"}],"about":[{"href":"https:\/\/blueark.ch\/de\/wp-json\/wp\/v2\/types\/page"}],"author":[{"embeddable":true,"href":"https:\/\/blueark.ch\/de\/wp-json\/wp\/v2\/users\/1"}],"replies":[{"embeddable":true,"href":"https:\/\/blueark.ch\/de\/wp-json\/wp\/v2\/comments?post=2636"}],"version-history":[{"count":5,"href":"https:\/\/blueark.ch\/de\/wp-json\/wp\/v2\/pages\/2636\/revisions"}],"predecessor-version":[{"id":16402,"href":"https:\/\/blueark.ch\/de\/wp-json\/wp\/v2\/pages\/2636\/revisions\/16402"}],"wp:attachment":[{"href":"https:\/\/blueark.ch\/de\/wp-json\/wp\/v2\/media?parent=2636"}],"curies":[{"name":"wp","href":"https:\/\/api.w.org\/{rel}","templated":true}]}}